{"id":210,"date":"2021-02-15T22:21:05","date_gmt":"2021-02-15T21:21:05","guid":{"rendered":"http:\/\/localhost:8086\/wordpress\/?page_id=210"},"modified":"2021-11-30T01:56:46","modified_gmt":"2021-11-30T00:56:46","slug":"multimedia","status":"publish","type":"page","link":"http:\/\/preima.de\/preima\/multimedia\/","title":{"rendered":"Multimedia"},"content":{"rendered":"<div id=\"pl-210\"  class=\"panel-layout\" ><div id=\"pg-210-0\"  class=\"panel-grid panel-has-style\" ><div class=\"siteorigin-panels-stretch panel-row-style panel-row-style-for-210-0\" data-stretch-type=\"full\" ><div id=\"pgc-210-0-0\"  class=\"panel-grid-cell\" ><div id=\"panel-210-0-0-0\" class=\"so-panel widget widget_sow-editor panel-first-child\" data-index=\"0\" ><div\n\t\t\t\n\t\t\tclass=\"so-widget-sow-editor so-widget-sow-editor-base\"\n\t\t\t\n\t\t>\n<div class=\"siteorigin-widget-tinymce textwidget\">\n\t<p>&nbsp;<\/p>\n<\/div>\n<\/div><\/div><div id=\"panel-210-0-0-1\" class=\"so-panel widget widget_sow-editor panel-last-child\" data-index=\"1\" ><div\n\t\t\t\n\t\t\tclass=\"so-widget-sow-editor so-widget-sow-editor-base\"\n\t\t\t\n\t\t>\n<div class=\"siteorigin-widget-tinymce textwidget\">\n\t<h1><span style=\"color: #ffffff;\">BELIBIG EINSTELEN<\/span><\/h1>\n<p><span style=\"color: #ffffff;\">Alle Systeme k\u00f6nnen beliebig eingestellt\u00a0 und\u00a0 leicht vorprogrammiert werden. Durch die visuelle Oberfl\u00e4che k\u00f6nnen Sie\u00a0 \u00a0\u00e4ndern was Sie m\u00f6chten.\u00a0<\/span><\/p>\n<\/div>\n<\/div><\/div><\/div><div id=\"pgc-210-0-1\"  class=\"panel-grid-cell\" ><div id=\"panel-210-0-1-0\" class=\"so-panel widget widget_sow-editor panel-first-child\" data-index=\"2\" ><div\n\t\t\t\n\t\t\tclass=\"so-widget-sow-editor so-widget-sow-editor-base\"\n\t\t\t\n\t\t>\n<div class=\"siteorigin-widget-tinymce textwidget\">\n\t<p>&nbsp;<\/p>\n<\/div>\n<\/div><\/div><div id=\"panel-210-0-1-1\" class=\"so-panel widget widget_sow-image panel-last-child\" data-index=\"3\" ><div\n\t\t\t\n\t\t\tclass=\"so-widget-sow-image so-widget-sow-image-default-113ccd71f3e6-210\"\n\t\t\t\n\t\t>\n<div class=\"sow-image-container\">\n\t\t<img \n\tsrc=\"http:\/\/preima.de\/wp-content\/uploads\/2021\/02\/UberUns-3-300x243.png\" width=\"300\" height=\"243\" srcset=\"http:\/\/preima.de\/wp-content\/uploads\/2021\/02\/UberUns-3-300x243.png 300w, http:\/\/preima.de\/wp-content\/uploads\/2021\/02\/UberUns-3.png 473w\" sizes=\"(max-width: 300px) 100vw, 300px\" alt=\"\" \t\tclass=\"so-widget-image\"\/>\n\t<\/div>\n\n<\/div><\/div><\/div><\/div><\/div><div id=\"pg-210-1\"  class=\"panel-grid panel-has-style\" ><div class=\"siteorigin-panels-stretch panel-row-style panel-row-style-for-210-1\" data-stretch-type=\"full\" ><div id=\"pgc-210-1-0\"  class=\"panel-grid-cell\" ><div id=\"panel-210-1-0-0\" class=\"so-panel widget widget_sow-editor panel-first-child\" data-index=\"4\" ><div\n\t\t\t\n\t\t\tclass=\"so-widget-sow-editor so-widget-sow-editor-base\"\n\t\t\t\n\t\t>\n<div class=\"siteorigin-widget-tinymce textwidget\">\n\t<p>&nbsp;<\/p>\n<\/div>\n<\/div><\/div><div id=\"panel-210-1-0-1\" class=\"so-panel widget widget_sow-image panel-last-child\" data-index=\"5\" ><div\n\t\t\t\n\t\t\tclass=\"so-widget-sow-image so-widget-sow-image-default-8b5b6f678277-210\"\n\t\t\t\n\t\t>\n<div class=\"sow-image-container\">\n\t\t<img \n\tsrc=\"http:\/\/preima.de\/wp-content\/uploads\/2021\/02\/MIB3Switch.png\" width=\"543\" height=\"407\" srcset=\"http:\/\/preima.de\/wp-content\/uploads\/2021\/02\/MIB3Switch.png 543w, http:\/\/preima.de\/wp-content\/uploads\/2021\/02\/MIB3Switch-300x225.png 300w, http:\/\/preima.de\/wp-content\/uploads\/2021\/02\/MIB3Switch-534x400.png 534w\" sizes=\"(max-width: 543px) 100vw, 543px\" alt=\"\" \t\tclass=\"so-widget-image\"\/>\n\t<\/div>\n\n<\/div><\/div><\/div><div id=\"pgc-210-1-1\"  class=\"panel-grid-cell\" ><div id=\"panel-210-1-1-0\" class=\"so-panel widget widget_sow-editor panel-first-child\" data-index=\"6\" ><div\n\t\t\t\n\t\t\tclass=\"so-widget-sow-editor so-widget-sow-editor-base\"\n\t\t\t\n\t\t>\n<div class=\"siteorigin-widget-tinymce textwidget\">\n\t<p>&nbsp;<\/p>\n<\/div>\n<\/div><\/div><div id=\"panel-210-1-1-1\" class=\"so-panel widget widget_sow-editor panel-last-child\" data-index=\"7\" ><div\n\t\t\t\n\t\t\tclass=\"so-widget-sow-editor so-widget-sow-editor-base\"\n\t\t\t\n\t\t>\n<div class=\"siteorigin-widget-tinymce textwidget\">\n\t<h1><span style=\"color: #ffffff;\">MULTI-CONTROL<\/span><\/h1>\n<p><span style=\"color: #ffffff;\">Multimedia Ger\u00e4te k\u00f6nnen \u00fcber App und \u00fcber Controldisplay gesteuert werden. Sie k\u00f6nnen\u00a0 die Einstellungen\u00a0 speichern und jeder Zeit abrufen. Die Einstellungen k\u00f6nnen\u00a0 nach der Zeit auch definieren. Sie bestimmen, und welche Einstellungen verwendet werden<\/span><\/p>\n<\/div>\n<\/div><\/div><\/div><\/div><\/div><div id=\"pg-210-2\"  class=\"panel-grid panel-has-style\" ><div class=\"siteorigin-panels-stretch panel-row-style panel-row-style-for-210-2\" data-stretch-type=\"full\" ><div id=\"pgc-210-2-0\"  class=\"panel-grid-cell\" ><div id=\"panel-210-2-0-0\" class=\"so-panel widget widget_sow-editor panel-first-child\" data-index=\"8\" ><div\n\t\t\t\n\t\t\tclass=\"so-widget-sow-editor so-widget-sow-editor-base\"\n\t\t\t\n\t\t>\n<div class=\"siteorigin-widget-tinymce textwidget\">\n\t<p>&nbsp;<\/p>\n<\/div>\n<\/div><\/div><div id=\"panel-210-2-0-1\" class=\"so-panel widget widget_sow-editor panel-last-child\" data-index=\"9\" ><div\n\t\t\t\n\t\t\tclass=\"so-widget-sow-editor so-widget-sow-editor-base\"\n\t\t\t\n\t\t>\n<div class=\"siteorigin-widget-tinymce textwidget\">\n\t<h1><span style=\"color: #ffffff;\">PLUG AND PLAY<\/span><\/h1>\n<p><span style=\"color: #ffffff;\">Alle Systeme sind\u00a0 \"plug &amp; play\" f\u00e4hig\u00a0 und braucht man\u00a0 keine extra M\u00fche um weitere Multimedia Ger\u00e4t einzuf\u00fcgen.\u00a0 Neue Ger\u00e4t wird\u00a0 automatisch in\u00a0 von System erkannt.\u00a0\u00a0<\/span><\/p>\n<\/div>\n<\/div><\/div><\/div><div id=\"pgc-210-2-1\"  class=\"panel-grid-cell\" ><div id=\"panel-210-2-1-0\" class=\"so-panel widget widget_sow-editor panel-first-child\" data-index=\"10\" ><div\n\t\t\t\n\t\t\tclass=\"so-widget-sow-editor so-widget-sow-editor-base\"\n\t\t\t\n\t\t>\n<div class=\"siteorigin-widget-tinymce textwidget\">\n\t<p>&nbsp;<\/p>\n<\/div>\n<\/div><\/div><div id=\"panel-210-2-1-1\" class=\"so-panel widget widget_sow-image panel-last-child\" data-index=\"11\" ><div\n\t\t\t\n\t\t\tclass=\"so-widget-sow-image so-widget-sow-image-default-113ccd71f3e6-210\"\n\t\t\t\n\t\t>\n<div class=\"sow-image-container\">\n\t\t<img \n\tsrc=\"http:\/\/preima.de\/wp-content\/uploads\/2021\/02\/Speaker.png\" width=\"300\" height=\"250\" sizes=\"(max-width: 300px) 100vw, 300px\" alt=\"\" \t\tclass=\"so-widget-image\"\/>\n\t<\/div>\n\n<\/div><\/div><\/div><\/div><\/div><\/div>","protected":false},"excerpt":{"rendered":"<p>&nbsp; BELIBIG EINSTELEN Alle Systeme k\u00f6nnen beliebig eingestellt\u00a0 und\u00a0 leicht vorprogrammiert werden. Durch die visuelle Oberfl\u00e4che k\u00f6nnen Sie\u00a0 \u00a0\u00e4ndern was Sie m\u00f6chten.\u00a0 &nbsp; &nbsp; &nbsp; MULTI-CONTROL Multimedia Ger\u00e4te k\u00f6nnen \u00fcber App und \u00fcber Controldisplay gesteuert werden. Sie k\u00f6nnen\u00a0 die Einstellungen\u00a0 speichern und jeder Zeit abrufen. Die Einstellungen k\u00f6nnen\u00a0 nach der Zeit auch definieren. Sie bestimmen, &hellip; <a href=\"http:\/\/preima.de\/preima\/multimedia\/\" class=\"more-link\"><span class=\"screen-reader-text\">Multimedia<\/span> weiterlesen <span class=\"meta-nav\">&rarr;<\/span><\/a><\/p>\n","protected":false},"author":1,"featured_media":0,"parent":0,"menu_order":0,"comment_status":"closed","ping_status":"closed","template":"","meta":{"footnotes":""},"class_list":["post-210","page","type-page","status-publish","hentry"],"_links":{"self":[{"href":"http:\/\/preima.de\/preima\/wp-json\/wp\/v2\/pages\/210","targetHints":{"allow":["GET"]}}],"collection":[{"href":"http:\/\/preima.de\/preima\/wp-json\/wp\/v2\/pages"}],"about":[{"href":"http:\/\/preima.de\/preima\/wp-json\/wp\/v2\/types\/page"}],"author":[{"embeddable":true,"href":"http:\/\/preima.de\/preima\/wp-json\/wp\/v2\/users\/1"}],"replies":[{"embeddable":true,"href":"http:\/\/preima.de\/preima\/wp-json\/wp\/v2\/comments?post=210"}],"version-history":[{"count":65,"href":"http:\/\/preima.de\/preima\/wp-json\/wp\/v2\/pages\/210\/revisions"}],"predecessor-version":[{"id":1288,"href":"http:\/\/preima.de\/preima\/wp-json\/wp\/v2\/pages\/210\/revisions\/1288"}],"wp:attachment":[{"href":"http:\/\/preima.de\/preima\/wp-json\/wp\/v2\/media?parent=210"}],"curies":[{"name":"wp","href":"https:\/\/api.w.org\/{rel}","templated":true}]}}