{"id":206,"date":"2021-02-15T22:19:41","date_gmt":"2021-02-15T21:19:41","guid":{"rendered":"http:\/\/localhost:8086\/wordpress\/?page_id=206"},"modified":"2021-11-30T01:55:53","modified_gmt":"2021-11-30T00:55:53","slug":"software","status":"publish","type":"page","link":"http:\/\/preima.de\/preima\/software\/","title":{"rendered":"Software"},"content":{"rendered":"<div id=\"pl-gb206-69ed5717b67d7\"  class=\"panel-layout\" ><div id=\"pg-gb206-69ed5717b67d7-0\"  class=\"panel-grid panel-has-style\" ><div class=\"siteorigin-panels-stretch panel-row-style panel-row-style-for-gb206-69ed5717b67d7-0\" data-stretch-type=\"full\" ><div id=\"pgc-gb206-69ed5717b67d7-0-0\"  class=\"panel-grid-cell\" ><div id=\"panel-gb206-69ed5717b67d7-0-0-0\" class=\"so-panel widget widget_sow-editor panel-first-child\" data-index=\"0\" ><div\n\t\t\t\n\t\t\tclass=\"so-widget-sow-editor so-widget-sow-editor-base\"\n\t\t\t\n\t\t>\n<div class=\"siteorigin-widget-tinymce textwidget\">\n\t<\/div>\n<\/div><\/div><div id=\"panel-gb206-69ed5717b67d7-0-0-1\" class=\"so-panel widget widget_sow-image panel-last-child\" data-index=\"1\" ><div\n\t\t\t\n\t\t\tclass=\"so-widget-sow-image so-widget-sow-image-default-113ccd71f3e6-206\"\n\t\t\t\n\t\t>\n<div class=\"sow-image-container\">\n\t\t<img \n\tsrc=\"http:\/\/preima.de\/wp-content\/uploads\/2021\/02\/sw-10.png\" width=\"1000\" height=\"682\" srcset=\"http:\/\/preima.de\/wp-content\/uploads\/2021\/02\/sw-10.png 1000w, http:\/\/preima.de\/wp-content\/uploads\/2021\/02\/sw-10-300x205.png 300w, http:\/\/preima.de\/wp-content\/uploads\/2021\/02\/sw-10-768x524.png 768w, http:\/\/preima.de\/wp-content\/uploads\/2021\/02\/sw-10-700x477.png 700w, http:\/\/preima.de\/wp-content\/uploads\/2021\/02\/sw-10-587x400.png 587w\" sizes=\"(max-width: 1000px) 100vw, 1000px\" alt=\"\" \t\tclass=\"so-widget-image\"\/>\n\t<\/div>\n\n<\/div><\/div><\/div><div id=\"pgc-gb206-69ed5717b67d7-0-1\"  class=\"panel-grid-cell\" ><div id=\"panel-gb206-69ed5717b67d7-0-1-0\" class=\"so-panel widget widget_sow-editor panel-first-child\" data-index=\"2\" ><div\n\t\t\t\n\t\t\tclass=\"so-widget-sow-editor so-widget-sow-editor-base\"\n\t\t\t\n\t\t>\n<div class=\"siteorigin-widget-tinymce textwidget\">\n\t<\/div>\n<\/div><\/div><div id=\"panel-gb206-69ed5717b67d7-0-1-1\" class=\"so-panel widget widget_sow-editor panel-last-child\" data-index=\"3\" ><div\n\t\t\t\n\t\t\tclass=\"so-widget-sow-editor so-widget-sow-editor-base\"\n\t\t\t\n\t\t>\n<div class=\"siteorigin-widget-tinymce textwidget\">\n\t<h1><span style=\"color: #ffffff;\">OPENSOURCE SOFTWARE<\/span><\/h1>\n<p><span style=\"color: #ffffff;\"><b>Open Home Automation Bus<\/b>\u00a0(<b>openHAB<\/b>) ist eine in\u00a0<a style=\"color: #ffffff;\" title=\"Java (Programmiersprache)\" href=\"https:\/\/de.wikipedia.org\/wiki\/Java_(Programmiersprache)\">Java<\/a>\u00a0entwickelte Softwarel\u00f6sung, die Komponenten zur\u00a0<a class=\"mw-redirect\" style=\"color: #ffffff;\" title=\"Geb\u00e4udeautomatisierung\" href=\"https:\/\/de.wikipedia.org\/wiki\/Geb%C3%A4udeautomatisierung\">Geb\u00e4udeautomatisierung<\/a> von den verschiedensten Anbietern hersteller- und protokollneutral in einer Plattform miteinander verbindet. openHAB wurde von Kai Kreuzer 2010 initiiert und hat viele Mitentwickler.<\/span><\/p>\n<\/div>\n<\/div><\/div><\/div><\/div><\/div><div id=\"pg-gb206-69ed5717b67d7-1\"  class=\"panel-grid panel-has-style\" ><div class=\"siteorigin-panels-stretch panel-row-style panel-row-style-for-gb206-69ed5717b67d7-1\" data-stretch-type=\"full\" ><div id=\"pgc-gb206-69ed5717b67d7-1-0\"  class=\"panel-grid-cell\" ><div id=\"panel-gb206-69ed5717b67d7-1-0-0\" class=\"so-panel widget widget_sow-editor panel-first-child\" data-index=\"4\" ><div\n\t\t\t\n\t\t\tclass=\"so-widget-sow-editor so-widget-sow-editor-base\"\n\t\t\t\n\t\t>\n<div class=\"siteorigin-widget-tinymce textwidget\">\n\t<\/div>\n<\/div><\/div><div id=\"panel-gb206-69ed5717b67d7-1-0-1\" class=\"so-panel widget widget_sow-editor panel-last-child\" data-index=\"5\" ><div\n\t\t\t\n\t\t\tclass=\"so-widget-sow-editor so-widget-sow-editor-base\"\n\t\t\t\n\t\t>\n<div class=\"siteorigin-widget-tinymce textwidget\">\n\t<h1><span style=\"color: #ffffff;\">VISUELLE OBERFL\u00c4CHE<\/span><\/h1>\n<p><span style=\"color: #ffffff;\">T\u00e4gliche, w\u00f6chentliche und monatliche Statistik\u00a0 werden abgerufen und an einem Oberfl\u00e4che analysiert werden. Alle Aktivit\u00e4ten und Status\u00e4nderungen\u00a0 k\u00f6nnen gespeichert und f\u00fcr Diagnosezwecke verwendet werden. Die Sensor werde k\u00f6nnen an einem separaten Oberfl\u00e4che abgerufen werden<\/span><\/p>\n<\/div>\n<\/div><\/div><\/div><div id=\"pgc-gb206-69ed5717b67d7-1-1\"  class=\"panel-grid-cell\" ><div id=\"panel-gb206-69ed5717b67d7-1-1-0\" class=\"so-panel widget widget_sow-editor panel-first-child\" data-index=\"6\" ><div\n\t\t\t\n\t\t\tclass=\"so-widget-sow-editor so-widget-sow-editor-base\"\n\t\t\t\n\t\t>\n<div class=\"siteorigin-widget-tinymce textwidget\">\n\t<\/div>\n<\/div><\/div><div id=\"panel-gb206-69ed5717b67d7-1-1-1\" class=\"so-panel widget widget_sow-image panel-last-child\" data-index=\"7\" ><div\n\t\t\t\n\t\t\tclass=\"so-widget-sow-image so-widget-sow-image-default-8b5b6f678277-206\"\n\t\t\t\n\t\t>\n<div class=\"sow-image-container\">\n\t\t<img \n\tsrc=\"http:\/\/preima.de\/wp-content\/uploads\/2021\/02\/sw-9.png\" width=\"690\" height=\"345\" srcset=\"http:\/\/preima.de\/wp-content\/uploads\/2021\/02\/sw-9.png 690w, http:\/\/preima.de\/wp-content\/uploads\/2021\/02\/sw-9-300x150.png 300w\" sizes=\"(max-width: 690px) 100vw, 690px\" alt=\"\" \t\tclass=\"so-widget-image\"\/>\n\t<\/div>\n\n<\/div><\/div><\/div><\/div><\/div><div id=\"pg-gb206-69ed5717b67d7-2\"  class=\"panel-grid panel-has-style\" ><div class=\"siteorigin-panels-stretch panel-row-style panel-row-style-for-gb206-69ed5717b67d7-2\" data-stretch-type=\"full\" ><div id=\"pgc-gb206-69ed5717b67d7-2-0\"  class=\"panel-grid-cell\" ><div id=\"panel-gb206-69ed5717b67d7-2-0-0\" class=\"so-panel widget widget_sow-editor panel-first-child\" data-index=\"8\" ><div\n\t\t\t\n\t\t\tclass=\"so-widget-sow-editor so-widget-sow-editor-base\"\n\t\t\t\n\t\t>\n<div class=\"siteorigin-widget-tinymce textwidget\">\n\t<\/div>\n<\/div><\/div><div id=\"panel-gb206-69ed5717b67d7-2-0-1\" class=\"so-panel widget widget_sow-image panel-last-child\" data-index=\"9\" ><div\n\t\t\t\n\t\t\tclass=\"so-widget-sow-image so-widget-sow-image-default-8b5b6f678277-206\"\n\t\t\t\n\t\t>\n<div class=\"sow-image-container\">\n\t\t<img \n\tsrc=\"http:\/\/preima.de\/wp-content\/uploads\/2021\/02\/HomeKit.png\" width=\"652\" height=\"647\" srcset=\"http:\/\/preima.de\/wp-content\/uploads\/2021\/02\/HomeKit.png 652w, http:\/\/preima.de\/wp-content\/uploads\/2021\/02\/HomeKit-300x298.png 300w, http:\/\/preima.de\/wp-content\/uploads\/2021\/02\/HomeKit-150x150.png 150w, http:\/\/preima.de\/wp-content\/uploads\/2021\/02\/HomeKit-100x100.png 100w, http:\/\/preima.de\/wp-content\/uploads\/2021\/02\/HomeKit-403x400.png 403w\" sizes=\"(max-width: 652px) 100vw, 652px\" alt=\"\" \t\tclass=\"so-widget-image\"\/>\n\t<\/div>\n\n<\/div><\/div><\/div><div id=\"pgc-gb206-69ed5717b67d7-2-1\"  class=\"panel-grid-cell\" ><div id=\"panel-gb206-69ed5717b67d7-2-1-0\" class=\"so-panel widget widget_sow-editor panel-first-child\" data-index=\"10\" ><div\n\t\t\t\n\t\t\tclass=\"so-widget-sow-editor so-widget-sow-editor-base\"\n\t\t\t\n\t\t>\n<div class=\"siteorigin-widget-tinymce textwidget\">\n\t<\/div>\n<\/div><\/div><div id=\"panel-gb206-69ed5717b67d7-2-1-1\" class=\"so-panel widget widget_sow-editor panel-last-child\" data-index=\"11\" ><div\n\t\t\t\n\t\t\tclass=\"so-widget-sow-editor so-widget-sow-editor-base\"\n\t\t\t\n\t\t>\n<div class=\"siteorigin-widget-tinymce textwidget\">\n\t<h1><span style=\"color: #ffffff;\">\u00a0HOMEKIT ODER GOOGLE HOME\u00a0<\/span><\/h1>\n<p><span style=\"color: #ffffff;\">Alle Ger\u00e4te k\u00f6nnen per Apple HomeKit und Google Home gesteuert werden.\u00a0 F\u00fcr die Steuerung\u00a0 brauchen Sie nur\u00a0 App installieren und an dem Ger\u00e4teserver verbinden. Alle Ger\u00e4te k\u00f6nnte frei kategorisiert bzw gruppiert werden.\u00a0\u00a0<\/span><\/p>\n<\/div>\n<\/div><\/div><\/div><\/div><\/div><div id=\"pg-gb206-69ed5717b67d7-3\"  class=\"panel-grid panel-has-style\" ><div class=\"siteorigin-panels-stretch panel-row-style panel-row-style-for-gb206-69ed5717b67d7-3\" data-stretch-type=\"full\" ><div id=\"pgc-gb206-69ed5717b67d7-3-0\"  class=\"panel-grid-cell\" ><div id=\"panel-gb206-69ed5717b67d7-3-0-0\" class=\"so-panel widget widget_sow-editor panel-first-child\" data-index=\"12\" ><div\n\t\t\t\n\t\t\tclass=\"so-widget-sow-editor so-widget-sow-editor-base\"\n\t\t\t\n\t\t>\n<div class=\"siteorigin-widget-tinymce textwidget\">\n\t<\/div>\n<\/div><\/div><div id=\"panel-gb206-69ed5717b67d7-3-0-1\" class=\"so-panel widget widget_sow-editor panel-last-child\" data-index=\"13\" ><div\n\t\t\t\n\t\t\tclass=\"so-widget-sow-editor so-widget-sow-editor-base\"\n\t\t\t\n\t\t>\n<div class=\"siteorigin-widget-tinymce textwidget\">\n\t<h1><span style=\"color: #ffffff;\">SPEICHERUNG DER DATEN<\/span><\/h1>\n<p><span style=\"color: #ffffff;\">Alle Sensorwerte k\u00f6nnen st\u00e4ndig gespeichert\u00a0 werden. der Zugriff ist nur mit autorisierte Personen zug\u00e4nglich. Der Zugriff auf die Dateien von Au\u00dfen ist nicht m\u00f6glich\u00a0 und diese Daten werden mit aktuellen CyberSecurity\u00a0 \u00a0Standard gesch\u00fctzt.<\/span><\/p>\n<\/div>\n<\/div><\/div><\/div><div id=\"pgc-gb206-69ed5717b67d7-3-1\"  class=\"panel-grid-cell\" ><div id=\"panel-gb206-69ed5717b67d7-3-1-0\" class=\"so-panel widget widget_sow-editor panel-first-child\" data-index=\"14\" ><div\n\t\t\t\n\t\t\tclass=\"so-widget-sow-editor so-widget-sow-editor-base\"\n\t\t\t\n\t\t>\n<div class=\"siteorigin-widget-tinymce textwidget\">\n\t<\/div>\n<\/div><\/div><div id=\"panel-gb206-69ed5717b67d7-3-1-1\" class=\"so-panel widget widget_sow-image panel-last-child\" data-index=\"15\" ><div\n\t\t\t\n\t\t\tclass=\"so-widget-sow-image so-widget-sow-image-default-8b5b6f678277-206\"\n\t\t\t\n\t\t>\n<div class=\"sow-image-container\">\n\t\t<img \n\tsrc=\"http:\/\/preima.de\/wp-content\/uploads\/2021\/02\/sw-4.png\" width=\"786\" height=\"452\" srcset=\"http:\/\/preima.de\/wp-content\/uploads\/2021\/02\/sw-4.png 786w, http:\/\/preima.de\/wp-content\/uploads\/2021\/02\/sw-4-300x173.png 300w, http:\/\/preima.de\/wp-content\/uploads\/2021\/02\/sw-4-768x442.png 768w, http:\/\/preima.de\/wp-content\/uploads\/2021\/02\/sw-4-700x403.png 700w, http:\/\/preima.de\/wp-content\/uploads\/2021\/02\/sw-4-696x400.png 696w\" sizes=\"(max-width: 786px) 100vw, 786px\" alt=\"\" \t\tclass=\"so-widget-image\"\/>\n\t<\/div>\n\n<\/div><\/div><\/div><\/div><\/div><\/div>\n\n\n<div class=\"wp-block-columns is-layout-flex wp-container-core-columns-is-layout-9d6595d7 wp-block-columns-is-layout-flex\">\n<div class=\"wp-block-column is-layout-flow wp-block-column-is-layout-flow\"><\/div>\n\n\n\n<div class=\"wp-block-column is-layout-flow wp-block-column-is-layout-flow\"><\/div>\n<\/div>\n\n\n\n<p><\/p>\n","protected":false},"excerpt":{"rendered":"<p>OPENSOURCE SOFTWARE Open Home Automation Bus\u00a0(openHAB) ist eine in\u00a0Java\u00a0entwickelte Softwarel\u00f6sung, die Komponenten zur\u00a0Geb\u00e4udeautomatisierung von den verschiedensten Anbietern hersteller- und protokollneutral in einer Plattform miteinander verbindet. openHAB wurde von Kai Kreuzer 2010 initiiert und hat viele Mitentwickler. VISUELLE OBERFL\u00c4CHE T\u00e4gliche, w\u00f6chentliche und monatliche Statistik\u00a0 werden abgerufen und an einem Oberfl\u00e4che analysiert werden. Alle Aktivit\u00e4ten und Status\u00e4nderungen\u00a0 &hellip; <a href=\"http:\/\/preima.de\/preima\/software\/\" class=\"more-link\"><span class=\"screen-reader-text\">Software<\/span> weiterlesen <span class=\"meta-nav\">&rarr;<\/span><\/a><\/p>\n","protected":false},"author":1,"featured_media":0,"parent":0,"menu_order":0,"comment_status":"closed","ping_status":"closed","template":"templates\/testimonial-page.php","meta":{"footnotes":""},"class_list":["post-206","page","type-page","status-publish","hentry"],"_links":{"self":[{"href":"http:\/\/preima.de\/preima\/wp-json\/wp\/v2\/pages\/206","targetHints":{"allow":["GET"]}}],"collection":[{"href":"http:\/\/preima.de\/preima\/wp-json\/wp\/v2\/pages"}],"about":[{"href":"http:\/\/preima.de\/preima\/wp-json\/wp\/v2\/types\/page"}],"author":[{"embeddable":true,"href":"http:\/\/preima.de\/preima\/wp-json\/wp\/v2\/users\/1"}],"replies":[{"embeddable":true,"href":"http:\/\/preima.de\/preima\/wp-json\/wp\/v2\/comments?post=206"}],"version-history":[{"count":25,"href":"http:\/\/preima.de\/preima\/wp-json\/wp\/v2\/pages\/206\/revisions"}],"predecessor-version":[{"id":1286,"href":"http:\/\/preima.de\/preima\/wp-json\/wp\/v2\/pages\/206\/revisions\/1286"}],"wp:attachment":[{"href":"http:\/\/preima.de\/preima\/wp-json\/wp\/v2\/media?parent=206"}],"curies":[{"name":"wp","href":"https:\/\/api.w.org\/{rel}","templated":true}]}}