{"id":197,"date":"2021-02-15T22:17:45","date_gmt":"2021-02-15T21:17:45","guid":{"rendered":"http:\/\/localhost:8086\/wordpress\/?page_id=197"},"modified":"2021-11-30T03:09:42","modified_gmt":"2021-11-30T02:09:42","slug":"produkte","status":"publish","type":"page","link":"http:\/\/preima.de\/preima\/produkte\/","title":{"rendered":"Smarthome Technologie"},"content":{"rendered":"<div id=\"pl-197\"  class=\"panel-layout\" ><div id=\"pg-197-0\"  class=\"panel-grid panel-has-style\" ><div class=\"siteorigin-panels-stretch panel-row-style panel-row-style-for-197-0\" data-stretch-type=\"full-stretched\" ><div id=\"pgc-197-0-0\"  class=\"panel-grid-cell\" ><div id=\"panel-197-0-0-0\" class=\"so-panel widget widget_sow-hero panel-first-child panel-last-child\" data-index=\"0\" ><div\n\t\t\t\n\t\t\tclass=\"so-widget-sow-hero so-widget-sow-hero-default-95e2f40028d6-197 so-widget-fittext-wrapper\"\n\t\t\t data-fit-text-compressor=\"1.25\"\n\t\t>\t\t\t\t<div class=\"sow-slider-base\" style=\"display: none\" tabindex=\"0\">\n\t\t\t\t\t<ul\n\t\t\t\t\tclass=\"sow-slider-images\"\n\t\t\t\t\tdata-settings=\"{&quot;pagination&quot;:true,&quot;speed&quot;:100,&quot;timeout&quot;:8000,&quot;paused&quot;:true,&quot;pause_on_hover&quot;:false,&quot;swipe&quot;:true,&quot;nav_always_show_desktop&quot;:&quot;&quot;,&quot;nav_always_show_mobile&quot;:true,&quot;breakpoint&quot;:&quot;780px&quot;,&quot;unmute&quot;:false,&quot;anchor&quot;:null}\"\n\t\t\t\t\tstyle=\"min-height: 600px\"\t\t\t\t\tdata-anchor-id=\"\"\n\t\t\t\t>\t\t<li class=\"sow-slider-image  sow-slider-image-cover\" style=\"visibility: visible;;background-color: #ffffff\" >\n\t\t\t\t\t<div class=\"sow-slider-image-container\">\n\t\t\t<div class=\"sow-slider-image-wrapper\">\n\t\t\t\t<h1 style=\"text-align: center\"><span style=\"color: #333333\">Smarthome Technologie<\/span><\/h1>\n<p style=\"text-align: center\"><span style=\"color: #12708a\"><strong>Mit Zigbee Technologie sind die Sensoren und Akteuren\u00a0 lange\u00a0 Zeit nur mit einer Batterie funktionsf\u00e4hig.<\/strong><\/span><\/p>\n\t\t\t<\/div>\n\t\t<\/div>\n\t\t<div class=\"sow-slider-image-overlay sow-slider-image-cover\" style=\"opacity: 0.35;background-image: url(http:\/\/preima.de\/wp-content\/uploads\/2021\/02\/Batterylife-1.png)\"  ><\/div>\t\t<\/li>\n\t\t\t\t<li class=\"sow-slider-image  sow-slider-image-cover\" style=\"visibility: hidden;;background-color: #333333\" data-background=\"url(http:\/\/preima.de\/wp-content\/uploads\/2021\/02\/HomeKino1.png)\" >\n\t\t\t\t\t<div class=\"sow-slider-image-container\">\n\t\t\t<div class=\"sow-slider-image-wrapper\">\n\t\t\t\t<h1 style=\"text-align: center\"><span style=\"color: #999999\"><strong>\u00a0Multimedia Systeme Steuerung\u00a0<\/strong><\/span><\/h1>\n<p style=\"text-align: center\"><span style=\"color: #12708a\"><b>mit der Multimediasteuerung k\u00f6nnen Lautsprechersysteme und Media Player programmiert werden\u00a0\u00a0<\/b><\/span><\/p>\n\t\t\t<\/div>\n\t\t<\/div>\n\t\t\t\t<\/li>\n\t\t\t\t<li class=\"sow-slider-image  sow-slider-image-cover\" style=\"visibility: hidden;;background-color: #333333\" data-background=\"url(http:\/\/preima.de\/wp-content\/uploads\/2021\/02\/Alarm-8.png)\" >\n\t\t\t\t\t<div class=\"sow-slider-image-container\">\n\t\t\t<div class=\"sow-slider-image-wrapper\">\n\t\t\t\t<h1 style=\"text-align: center\"><span style=\"color: #333333\">Individuelle L\u00f6sungen<\/span><\/h1>\n<p style=\"text-align: center\"><span style=\"color: #12708a\"><strong>Nach der Kundenanforderungen\u00a0 k\u00f6nnen die Software ge\u00e4ndert werden<\/strong><\/span><\/p>\n\t\t\t<\/div>\n\t\t<\/div>\n\t\t\t\t<\/li>\n\t\t\t\t<li class=\"sow-slider-image  sow-slider-image-cover\" style=\"visibility: hidden;;background-color: #333333\" >\n\t\t\t\t\t<div class=\"sow-slider-image-container\">\n\t\t\t<div class=\"sow-slider-image-wrapper\">\n\t\t\t\t<h1 style=\"text-align: center\"><span style=\"color: #333333\">Sicherheit durch modernste Technik<\/span><\/h1>\n<p style=\"text-align: center\"><span style=\"color: #12708a\"><strong>Integrierte Alarmanlage bietet flexible L\u00f6sungen\u00a0<\/strong><\/span><\/p>\n\t\t\t<\/div>\n\t\t<\/div>\n\t\t<div class=\"sow-slider-image-overlay sow-slider-image-cover\" style=\"opacity: 0.99\" data-background=\"url(http:\/\/preima.de\/wp-content\/uploads\/2021\/02\/Smoke-sensor3.png)\"  ><\/div>\t\t<\/li>\n\t\t<\/ul>\t\t\t\t<ol class=\"sow-slider-pagination\">\n\t\t\t\t\t\t\t\t\t\t\t<li><a href=\"#\" data-goto=\"0\" aria-label=\"Display slide 1\"><\/a><\/li>\n\t\t\t\t\t\t\t\t\t\t\t<li><a href=\"#\" data-goto=\"1\" aria-label=\"Display slide 2\"><\/a><\/li>\n\t\t\t\t\t\t\t\t\t\t\t<li><a href=\"#\" data-goto=\"2\" aria-label=\"Display slide 3\"><\/a><\/li>\n\t\t\t\t\t\t\t\t\t\t\t<li><a href=\"#\" data-goto=\"3\" aria-label=\"Display slide 4\"><\/a><\/li>\n\t\t\t\t\t\t\t\t\t<\/ol>\n\n\t\t\t\t<div class=\"sow-slide-nav sow-slide-nav-next\">\n\t\t\t\t\t<a href=\"#\" data-goto=\"next\" aria-label=\"Next slide\" data-action=\"next\">\n\t\t\t\t\t\t<em class=\"sow-sld-icon-ultra-thin-right\"><\/em>\n\t\t\t\t\t<\/a>\n\t\t\t\t<\/div>\n\n\t\t\t\t<div class=\"sow-slide-nav sow-slide-nav-prev\">\n\t\t\t\t\t<a href=\"#\" data-goto=\"previous\" aria-label=\"Previous slide\" data-action=\"prev\">\n\t\t\t\t\t\t<em class=\"sow-sld-icon-ultra-thin-left\"><\/em>\n\t\t\t\t\t<\/a>\n\t\t\t\t<\/div>\n\t\t\t\t<\/div><\/div><\/div><\/div><\/div><\/div><div id=\"pg-197-1\"  class=\"panel-grid panel-has-style\" ><div class=\"siteorigin-panels-stretch panel-row-style panel-row-style-for-197-1\" data-stretch-type=\"full-stretched\" ><div id=\"pgc-197-1-0\"  class=\"panel-grid-cell\" ><div id=\"panel-197-1-0-0\" class=\"so-panel widget widget_sow-image panel-first-child\" data-index=\"1\" ><div\n\t\t\t\n\t\t\tclass=\"so-widget-sow-image so-widget-sow-image-default-113ccd71f3e6-197\"\n\t\t\t\n\t\t>\n<div class=\"sow-image-container\">\n\t\t<img \n\tsrc=\"http:\/\/preima.de\/wp-content\/uploads\/2021\/02\/prod-1.png\" width=\"300\" height=\"300\" srcset=\"http:\/\/preima.de\/wp-content\/uploads\/2021\/02\/prod-1.png 300w, http:\/\/preima.de\/wp-content\/uploads\/2021\/02\/prod-1-150x150.png 150w, http:\/\/preima.de\/wp-content\/uploads\/2021\/02\/prod-1-100x100.png 100w\" sizes=\"(max-width: 300px) 100vw, 300px\" alt=\"\" \t\tclass=\"so-widget-image\"\/>\n\t<\/div>\n\n<\/div><\/div><div id=\"panel-197-1-0-1\" class=\"so-panel widget widget_sow-editor panel-last-child\" data-index=\"2\" ><div class=\"panel-widget-style panel-widget-style-for-197-1-0-1\" ><div\n\t\t\t\n\t\t\tclass=\"so-widget-sow-editor so-widget-sow-editor-base\"\n\t\t\t\n\t\t>\n<div class=\"siteorigin-widget-tinymce textwidget\">\n\t<h3 class=\"q_team_name\" style=\"text-align: center;\"><span style=\"color: #ffffff;\">\u00a0Kommunikation<\/span><\/h3>\n<p style=\"text-align: center;\"><span style=\"color: #ffffff;\">Mit den Energie effizienten Systemen sind alle Ger\u00e4te \u00fcberall ohne\u00a0 extra Kabelverlegung installierbar.<\/span><\/p>\n<\/div>\n<\/div><\/div><\/div><\/div><div id=\"pgc-197-1-1\"  class=\"panel-grid-cell\" ><div id=\"panel-197-1-1-0\" class=\"so-panel widget widget_sow-image panel-first-child\" data-index=\"3\" ><div\n\t\t\t\n\t\t\tclass=\"so-widget-sow-image so-widget-sow-image-default-113ccd71f3e6-197\"\n\t\t\t\n\t\t>\n<div class=\"sow-image-container\">\n\t\t<img \n\tsrc=\"http:\/\/preima.de\/wp-content\/uploads\/2021\/02\/prod-5.png\" width=\"300\" height=\"300\" srcset=\"http:\/\/preima.de\/wp-content\/uploads\/2021\/02\/prod-5.png 300w, http:\/\/preima.de\/wp-content\/uploads\/2021\/02\/prod-5-150x150.png 150w, http:\/\/preima.de\/wp-content\/uploads\/2021\/02\/prod-5-100x100.png 100w\" sizes=\"(max-width: 300px) 100vw, 300px\" alt=\"\" \t\tclass=\"so-widget-image\"\/>\n\t<\/div>\n\n<\/div><\/div><div id=\"panel-197-1-1-1\" class=\"so-panel widget widget_sow-editor panel-last-child\" data-index=\"4\" ><div class=\"panel-widget-style panel-widget-style-for-197-1-1-1\" ><div\n\t\t\t\n\t\t\tclass=\"so-widget-sow-editor so-widget-sow-editor-base\"\n\t\t\t\n\t\t>\n<div class=\"siteorigin-widget-tinymce textwidget\">\n\t<h3 class=\"q_team_name\" style=\"text-align: center;\"><span style=\"color: #ffffff;\">Smarthome<\/span><\/h3>\n<p style=\"text-align: center;\"><span style=\"color: #ffffff;\">Schalter, Steckdose, Vorh\u00e4nge, Jalousie Heizung und Weiteres. Smarthome bietet komplette L\u00f6sung<\/span><\/p>\n<\/div>\n<\/div><\/div><\/div><\/div><div id=\"pgc-197-1-2\"  class=\"panel-grid-cell\" ><div id=\"panel-197-1-2-0\" class=\"so-panel widget widget_sow-image panel-first-child\" data-index=\"5\" ><div\n\t\t\t\n\t\t\tclass=\"so-widget-sow-image so-widget-sow-image-default-113ccd71f3e6-197\"\n\t\t\t\n\t\t>\n<div class=\"sow-image-container\">\n\t\t<img \n\tsrc=\"http:\/\/preima.de\/wp-content\/uploads\/2021\/02\/prod-3.png\" width=\"300\" height=\"300\" srcset=\"http:\/\/preima.de\/wp-content\/uploads\/2021\/02\/prod-3.png 300w, http:\/\/preima.de\/wp-content\/uploads\/2021\/02\/prod-3-150x150.png 150w, http:\/\/preima.de\/wp-content\/uploads\/2021\/02\/prod-3-100x100.png 100w\" sizes=\"(max-width: 300px) 100vw, 300px\" alt=\"\" \t\tclass=\"so-widget-image\"\/>\n\t<\/div>\n\n<\/div><\/div><div id=\"panel-197-1-2-1\" class=\"so-panel widget widget_sow-editor panel-last-child\" data-index=\"6\" ><div class=\"panel-widget-style panel-widget-style-for-197-1-2-1\" ><div\n\t\t\t\n\t\t\tclass=\"so-widget-sow-editor so-widget-sow-editor-base\"\n\t\t\t\n\t\t>\n<div class=\"siteorigin-widget-tinymce textwidget\">\n\t<h3 class=\"q_team_name\" style=\"text-align: center;\"><span style=\"color: #ffffff;\">Sicherheit<\/span><\/h3>\n<p style=\"text-align: center;\"><span style=\"color: #ffffff;\">Nur mit einem Klick ist die Sicherheitssysteme in dem gesamten Haus aktiviert<\/span><\/p>\n<\/div>\n<\/div><\/div><\/div><\/div><\/div><\/div><div id=\"pg-197-2\"  class=\"panel-grid panel-has-style\" ><div class=\"siteorigin-panels-stretch panel-row-style panel-row-style-for-197-2\" data-stretch-type=\"full-stretched\" ><div id=\"pgc-197-2-0\"  class=\"panel-grid-cell\" ><div id=\"panel-197-2-0-0\" class=\"so-panel widget widget_sow-image panel-first-child\" data-index=\"7\" ><div\n\t\t\t\n\t\t\tclass=\"so-widget-sow-image so-widget-sow-image-default-113ccd71f3e6-197\"\n\t\t\t\n\t\t>\n<div class=\"sow-image-container\">\n\t\t<img \n\tsrc=\"http:\/\/preima.de\/wp-content\/uploads\/2021\/02\/prod-2.png\" width=\"300\" height=\"300\" srcset=\"http:\/\/preima.de\/wp-content\/uploads\/2021\/02\/prod-2.png 300w, http:\/\/preima.de\/wp-content\/uploads\/2021\/02\/prod-2-150x150.png 150w, http:\/\/preima.de\/wp-content\/uploads\/2021\/02\/prod-2-100x100.png 100w\" sizes=\"(max-width: 300px) 100vw, 300px\" alt=\"\" \t\tclass=\"so-widget-image\"\/>\n\t<\/div>\n\n<\/div><\/div><div id=\"panel-197-2-0-1\" class=\"so-panel widget widget_sow-editor panel-last-child\" data-index=\"8\" ><div class=\"panel-widget-style panel-widget-style-for-197-2-0-1\" ><div\n\t\t\t\n\t\t\tclass=\"so-widget-sow-editor so-widget-sow-editor-base\"\n\t\t\t\n\t\t><h3 class=\"widget-title\"> <\/h3>\n<div class=\"siteorigin-widget-tinymce textwidget\">\n\t<h3 class=\"q_team_name\" style=\"text-align: center;\"><span style=\"color: #ffffff;\">Multimedia<\/span><\/h3>\n<p style=\"text-align: center;\"><span style=\"color: #ffffff;\">Multimedia Ger\u00e4te sind \u00fcber App oder mit \u00fcber einer Touchdisplay steuerbar. Ihre Listen \u00fcber Spotify, YouTube Music oder von Server abspielbar. Mediaplayer k\u00f6nnte auch programmiert werden.<\/span><\/p>\n<\/div>\n<\/div><\/div><\/div><\/div><div id=\"pgc-197-2-1\"  class=\"panel-grid-cell\" ><div id=\"panel-197-2-1-0\" class=\"so-panel widget widget_sow-image panel-first-child\" data-index=\"9\" ><div\n\t\t\t\n\t\t\tclass=\"so-widget-sow-image so-widget-sow-image-default-113ccd71f3e6-197\"\n\t\t\t\n\t\t>\n<div class=\"sow-image-container\">\n\t\t<img \n\tsrc=\"http:\/\/preima.de\/wp-content\/uploads\/2021\/02\/Switch_Small-1-e1613954364700-1.png\" width=\"300\" height=\"300\" srcset=\"http:\/\/preima.de\/wp-content\/uploads\/2021\/02\/Switch_Small-1-e1613954364700-1.png 300w, http:\/\/preima.de\/wp-content\/uploads\/2021\/02\/Switch_Small-1-e1613954364700-1-150x150.png 150w, http:\/\/preima.de\/wp-content\/uploads\/2021\/02\/Switch_Small-1-e1613954364700-1-100x100.png 100w\" sizes=\"(max-width: 300px) 100vw, 300px\" title=\"Switch_Small-1-e1613954364700\" alt=\"\" \t\tclass=\"so-widget-image\"\/>\n\t<\/div>\n\n<\/div><\/div><div id=\"panel-197-2-1-1\" class=\"so-panel widget widget_sow-editor panel-last-child\" data-index=\"10\" ><div class=\"panel-widget-style panel-widget-style-for-197-2-1-1\" ><div\n\t\t\t\n\t\t\tclass=\"so-widget-sow-editor so-widget-sow-editor-base\"\n\t\t\t\n\t\t><h3 class=\"widget-title\"> <\/h3>\n<div class=\"siteorigin-widget-tinymce textwidget\">\n\t<h3 class=\"q_team_name\" style=\"text-align: center;\"><span style=\"color: #ffffff;\">Konfort<\/span><\/h3>\n<p style=\"text-align: center;\"><span style=\"color: #ffffff;\">Mit modernsten Ger\u00e4ten ist es m\u00f6glich\u00a0 Ihre Haus sch\u00f6n\u00a0 zu gestallten. Mit den gro\u00dfen Auswahlliste k\u00f6nnen Sie ihr Haus beliebige Farbe und Form\u00a0 ausstatten<\/span><\/p>\n<\/div>\n<\/div><\/div><\/div><\/div><div id=\"pgc-197-2-2\"  class=\"panel-grid-cell\" ><div id=\"panel-197-2-2-0\" class=\"so-panel widget widget_sow-image panel-first-child\" data-index=\"11\" ><div\n\t\t\t\n\t\t\tclass=\"so-widget-sow-image so-widget-sow-image-default-49681edeb466-197\"\n\t\t\t\n\t\t>\n<div class=\"sow-image-container\">\n\t\t<img \n\tsrc=\"http:\/\/preima.de\/wp-content\/uploads\/2021\/02\/prod-6.png\" width=\"300\" height=\"300\" srcset=\"http:\/\/preima.de\/wp-content\/uploads\/2021\/02\/prod-6.png 300w, http:\/\/preima.de\/wp-content\/uploads\/2021\/02\/prod-6-150x150.png 150w, http:\/\/preima.de\/wp-content\/uploads\/2021\/02\/prod-6-100x100.png 100w\" sizes=\"(max-width: 300px) 100vw, 300px\" alt=\"\" \t\tclass=\"so-widget-image\"\/>\n\t<\/div>\n\n<\/div><\/div><div id=\"panel-197-2-2-1\" class=\"so-panel widget widget_sow-editor panel-last-child\" data-index=\"12\" ><div class=\"panel-widget-style panel-widget-style-for-197-2-2-1\" ><div\n\t\t\t\n\t\t\tclass=\"so-widget-sow-editor so-widget-sow-editor-base\"\n\t\t\t\n\t\t>\n<div class=\"siteorigin-widget-tinymce textwidget\">\n\t<h6><\/h6>\n<h3 class=\"q_team_name\" style=\"text-align: center;\"><span style=\"color: #ffffff;\">Ger\u00e4tsteuerung<\/span><\/h3>\n<p style=\"text-align: center;\"><span style=\"color: #ffffff;\">Smarthomef\u00e4hige Ger\u00e4te k\u00f6nnen \u00fcber den App ohne Zusatzprogrammierung gesteuert werden.\u00a0 Dann brauchen Sie nicht mehr f\u00fcr jede Marke\u00a0 eine zus\u00e4tzliche App installieren.<\/span><\/p>\n<\/div>\n<\/div><\/div><\/div><\/div><\/div><\/div><\/div>","protected":false},"excerpt":{"rendered":"<p>\u00a0Kommunikation Mit den Energie effizienten Systemen sind alle Ger\u00e4te \u00fcberall ohne\u00a0 extra Kabelverlegung installierbar. Smarthome Schalter, Steckdose, Vorh\u00e4nge, Jalousie Heizung und Weiteres. Smarthome bietet komplette L\u00f6sung Sicherheit Nur mit einem Klick ist die Sicherheitssysteme in dem gesamten Haus aktiviert<\/p>\n","protected":false},"author":1,"featured_media":0,"parent":0,"menu_order":0,"comment_status":"closed","ping_status":"closed","template":"","meta":{"footnotes":""},"class_list":["post-197","page","type-page","status-publish","hentry"],"_links":{"self":[{"href":"http:\/\/preima.de\/preima\/wp-json\/wp\/v2\/pages\/197","targetHints":{"allow":["GET"]}}],"collection":[{"href":"http:\/\/preima.de\/preima\/wp-json\/wp\/v2\/pages"}],"about":[{"href":"http:\/\/preima.de\/preima\/wp-json\/wp\/v2\/types\/page"}],"author":[{"embeddable":true,"href":"http:\/\/preima.de\/preima\/wp-json\/wp\/v2\/users\/1"}],"replies":[{"embeddable":true,"href":"http:\/\/preima.de\/preima\/wp-json\/wp\/v2\/comments?post=197"}],"version-history":[{"count":393,"href":"http:\/\/preima.de\/preima\/wp-json\/wp\/v2\/pages\/197\/revisions"}],"predecessor-version":[{"id":315,"href":"http:\/\/preima.de\/preima\/wp-json\/wp\/v2\/pages\/197\/revisions\/315"}],"wp:attachment":[{"href":"http:\/\/preima.de\/preima\/wp-json\/wp\/v2\/media?parent=197"}],"curies":[{"name":"wp","href":"https:\/\/api.w.org\/{rel}","templated":true}]}}